{"id":1312,"date":"2023-02-16T12:39:32","date_gmt":"2023-02-16T12:39:32","guid":{"rendered":"https:\/\/fabstructures.ca\/?page_id=1312"},"modified":"2023-06-19T12:34:33","modified_gmt":"2023-06-19T12:34:33","slug":"politique-de-confidentialite","status":"publish","type":"page","link":"https:\/\/fabstructures.ca\/fr\/politique-de-confidentialite\/","title":{"rendered":"Politique de confidentialit\u00e9"},"content":{"rendered":"<p>Cette politique de confidentialit\u00e9 d\u00e9crit comment vos informations personnelles sont collect\u00e9es, utilis\u00e9es et partag\u00e9es lorsque vous visitez ou effectuez un achat sur\u00a0\u00a0<a href=\"https:\/\/fabstructures-ca.translate.goog\/privacy-policy\/?_x_tr_sl=en&amp;_x_tr_tl=fr&amp;_x_tr_hl=en&amp;_x_tr_pto=wapp\">www.fabstructures.ca<\/a><\/p>\n<h4 class=\"fusion-responsive-typography-calculated\" data-fontsize=\"24\" data-lineheight=\"28.8px\"><strong>INFORMATIONS PERSONNELLES QUE NOUS COLLECTONS<\/strong><\/h4>\n<p>Lorsque vous visitez fabstructures.ca, nous recueillons automatiquement certaines informations sur votre appareil, notamment des informations sur votre navigateur Web, votre adresse IP, votre fuseau horaire et certains des cookies install\u00e9s sur votre appareil.\u00a0De plus, lorsque vous naviguez sur le site, nous recueillons des informations sur les pages Web individuelles ou les produits que vous consultez, les sites Web ou les termes de recherche qui vous ont r\u00e9f\u00e9r\u00e9 au site et des informations sur la fa\u00e7on dont vous interagissez avec fabstructures.ca.\u00a0Nous appelons ces informations collect\u00e9es automatiquement les \u00ab informations sur l&rsquo;appareil \u00bb.<\/p>\n<p>Nous recueillons des informations sur l&rsquo;appareil \u00e0 l&rsquo;aide des technologies suivantes\u00a0:<\/p>\n<ul>\n<li aria-level=\"1\">Les \u00ab\u00a0cookies\u00a0\u00bb sont des fichiers de donn\u00e9es qui sont plac\u00e9s sur votre appareil ou votre ordinateur et qui incluent souvent un identifiant unique anonyme.\u00a0Pour plus d&rsquo;informations sur les cookies et comment d\u00e9sactiver les cookies, visitez\u00a0<a href=\"https:\/\/translate.google.com\/website?sl=en&amp;tl=fr&amp;hl=en&amp;client=webapp&amp;u=http:\/\/www.allaboutcookies.org\/\" target=\"_blank\" rel=\"noopener\">www.allaboutcookies.org<\/a>\u00a0.<\/li>\n<li aria-level=\"1\">Les \u00ab\u00a0fichiers journaux\u00a0\u00bb suivent les actions qui se produisent sur le site et collectent des donn\u00e9es, notamment votre adresse IP, le type de navigateur, le fournisseur de services Internet, les pages de renvoi\/sortie et les horodatages.<\/li>\n<li aria-level=\"1\">Les \u00ab\u00a0balises Web\u00a0\u00bb, les \u00ab\u00a0balises\u00a0\u00bb et les \u00ab\u00a0pixels\u00a0\u00bb sont des fichiers \u00e9lectroniques utilis\u00e9s pour enregistrer des informations sur la fa\u00e7on dont vous naviguez sur le Site.<\/li>\n<\/ul>\n<p>De plus, lorsque vous effectuez un achat ou tentez d&rsquo;effectuer un achat via notre site, nous recueillons certaines informations vous concernant, notamment votre nom, votre adresse de facturation, votre adresse de livraison, vos informations de paiement (y compris les num\u00e9ros de carte de cr\u00e9dit, l&rsquo;adresse e-mail et le num\u00e9ro de t\u00e9l\u00e9phone. Nous nous r\u00e9f\u00e9rons \u00e0 ces informations en tant qu'\u00a0\u00bbInformations de commande\u00a0\u00bb.<\/p>\n<p>Lorsque nous parlons d'\u00a0\u00bbinformations personnelles\u00a0\u00bb dans cette politique de confidentialit\u00e9, nous parlons \u00e0 la fois d&rsquo;informations sur l&rsquo;appareil et d&rsquo;informations sur la commande.<\/p>\n<h4 class=\"fusion-responsive-typography-calculated\" data-fontsize=\"24\" data-lineheight=\"28.8px\"><strong>COMMENT UTILISONS-NOUS VOS INFORMATIONS PERSONNELLES ?<\/strong><\/h4>\n<p>Nous utilisons g\u00e9n\u00e9ralement les informations de commande que nous collectons pour ex\u00e9cuter toutes les commandes pass\u00e9es via le site (y compris le traitement de vos informations de paiement, l&rsquo;organisation de l&rsquo;exp\u00e9dition et la fourniture de factures et\/ou de confirmations de commande).\u00a0De plus, nous utilisons ces informations de commande pour\u00a0:<\/p>\n<ul>\n<li aria-level=\"1\">Communiquer avec toi;\u00a0filtrer nos commandes pour d\u00e9tecter tout risque potentiel ou fraude\u00a0;\u00a0et lorsque cela est conforme aux pr\u00e9f\u00e9rences que vous avez partag\u00e9es avec nous, vous fournir des informations ou des publicit\u00e9s relatives \u00e0 nos produits ou services.<\/li>\n<li aria-level=\"1\">Vous faire la publicit\u00e9 de contenus et de produits pertinents\u00a0;\u00a0nous utilisons les informations sur les appareils que nous collectons pour nous aider \u00e0 d\u00e9tecter les risques potentiels et les fraudes (en particulier votre adresse IP), et plus g\u00e9n\u00e9ralement pour am\u00e9liorer et optimiser notre site (par exemple, en g\u00e9n\u00e9rant des analyses sur la fa\u00e7on dont nos clients naviguent et interagissent avec le Site, et pour \u00e9valuer le succ\u00e8s de nos campagnes marketing et publicitaires).\u00a0Nous pouvons occasionnellement utiliser les informations sur l&rsquo;appareil pour faire de la publicit\u00e9 et recibler du contenu et des produits pertinents avec les publicit\u00e9s Facebook.<\/li>\n<\/ul>\n<h4 class=\"fusion-responsive-typography-calculated\" data-fontsize=\"24\" data-lineheight=\"28.8px\">\u00a0<strong>PARTAGE DE VOS INFORMATIONS PERSONNELLES<\/strong><strong>\u00a0<\/strong><\/h4>\n<p>Nous partageons vos informations personnelles avec des tiers pour nous aider \u00e0 utiliser vos informations personnelles, comme d\u00e9crit ci-dessus.\u00a0Par exemple, nous utilisons \u00e9galement Google Analytics pour nous aider \u00e0 comprendre comment nos clients utilisent le site. Vous pouvez en savoir plus sur la fa\u00e7on dont Google utilise vos informations personnelles ici :\u00a0\u00a0<a href=\"https:\/\/translate.google.com\/website?sl=en&amp;tl=fr&amp;hl=en&amp;client=webapp&amp;u=https:\/\/www.google.com\/intl\/en\/policies\/privacy\/\" target=\"_blank\" rel=\"noopener\">www.google.com\/intl\/en\/policies\/privacy\/.\u00a0<\/a>\u00a0Vous pouvez \u00e9galement d\u00e9sactiver Google Analytics ici :\u00a0\u00a0<a href=\"https:\/\/translate.google.com\/website?sl=en&amp;tl=fr&amp;hl=en&amp;client=webapp&amp;u=https:\/\/tools.google.com\/dlpage\/gaoptout\" target=\"_blank\" rel=\"noopener\">www.tools.google.com\/dlpage\/gaoptout<\/a>\u00a0.<\/p>\n<p>Enfin, nous pouvons \u00e9galement partager vos informations personnelles pour nous conformer aux lois et r\u00e9glementations applicables, pour r\u00e9pondre \u00e0 une citation \u00e0 compara\u00eetre, \u00e0 un mandat de perquisition ou \u00e0 toute autre demande l\u00e9gale d&rsquo;informations que nous recevons, ou pour prot\u00e9ger nos droits.<\/p>\n<p><b>PUBLICIT\u00c9 COMPORTEMENTALE<\/b><\/p>\n<p>Comme d\u00e9crit ci-dessus, nous pouvons utiliser vos informations personnelles pour vous fournir des publicit\u00e9s cibl\u00e9es ou des communications marketing susceptibles de vous int\u00e9resser.\u00a0Pour plus d&rsquo;informations sur le fonctionnement de la publicit\u00e9 cibl\u00e9e, vous pouvez visiter la page \u00e9ducative de la Network Advertising Initiative (\u00ab NAI \u00bb) \u00e0 l&rsquo;adresse\u00a0<a href=\"https:\/\/translate.google.com\/website?sl=en&amp;tl=fr&amp;hl=en&amp;client=webapp&amp;u=http:\/\/www.networkadvertising.org\/understanding-online-advertising\/how-does-it-work.\" target=\"_blank\" rel=\"noopener\">http:\/\/www.networkadvertising.org\/understanding-online-advertising\/how-does-it-work.<\/a><\/p>\n<p>Vous pouvez d\u00e9sactiver la publicit\u00e9 cibl\u00e9e en cliquant ci-dessous\u00a0:<\/p>\n<ul>\n<li aria-level=\"1\">FACEBOOK \u2013\u00a0<a href=\"https:\/\/translate.google.com\/website?sl=en&amp;tl=fr&amp;hl=en&amp;client=webapp&amp;u=https:\/\/www.facebook.com\/settings\/?tab%3Dads\" target=\"_blank\" rel=\"noopener\">www.facebook.com\/settings\/?tab=ads<\/a><\/li>\n<li aria-level=\"1\">GOOGLE \u2013\u00a0<a href=\"https:\/\/translate.google.com\/website?sl=en&amp;tl=fr&amp;hl=en&amp;client=webapp&amp;u=http:\/\/www.google.com\/settings\/ads\/anonymous\" target=\"_blank\" rel=\"noopener\">www.google.com\/settings\/ads\/anonymous<\/a><\/li>\n<\/ul>\n<p>De plus, vous pouvez d\u00e9sactiver certains de ces services en visitant le portail de d\u00e9sactivation de la Digital Advertising Alliance \u00e0 l&rsquo;adresse :\u00a0<a href=\"https:\/\/translate.google.com\/website?sl=en&amp;tl=fr&amp;hl=en&amp;client=webapp&amp;u=http:\/\/optout.aboutads.info\/\">optout.aboutads.info\/.<\/a><\/p>\n<h4 class=\"fusion-responsive-typography-calculated\" data-fontsize=\"24\" data-lineheight=\"28.8px\">\u00a0<strong>NE PAS SUIVRE<\/strong><\/h4>\n<p>Veuillez\u00a0noter que nous ne modifions pas la collecte de donn\u00e9es et les pratiques d&rsquo;utilisation de notre site lorsque nous voyons un signal Ne pas suivre de votre navigateur.<\/p>\n<h4 class=\"fusion-responsive-typography-calculated\" data-fontsize=\"24\" data-lineheight=\"28.8px\"><strong>TES DROITS<\/strong><\/h4>\n<p>Si vous \u00eates un r\u00e9sident europ\u00e9en, vous avez le droit d&rsquo;acc\u00e9der aux informations personnelles que nous d\u00e9tenons \u00e0 votre sujet et de demander que vos informations personnelles soient corrig\u00e9es, mises \u00e0 jour ou supprim\u00e9es.\u00a0Si vous souhaitez exercer ce droit, veuillez nous contacter via les coordonn\u00e9es ci-dessous.<\/p>\n<p>De plus, si vous \u00eates un r\u00e9sident europ\u00e9en, nous notons que nous traitons vos informations afin de remplir les contrats que nous pourrions avoir avec vous (par exemple si vous passez une commande via le Site), ou autrement pour poursuivre nos int\u00e9r\u00eats commerciaux l\u00e9gitimes \u00e9num\u00e9r\u00e9s ci-dessus.\u00a0De plus, veuillez noter que vos informations seront transf\u00e9r\u00e9es en dehors de l&rsquo;Europe, y compris au Canada et aux \u00c9tats-Unis.<\/p>\n<h4 class=\"fusion-responsive-typography-calculated\" data-fontsize=\"24\" data-lineheight=\"28.8px\"><strong>CHANGEMENTS<\/strong><\/h4>\n<p>Nous\u00a0pouvons mettre \u00e0 jour cette politique de confidentialit\u00e9 de temps \u00e0 autre afin de refl\u00e9ter, par exemple, des modifications de nos pratiques ou pour d&rsquo;autres raisons op\u00e9rationnelles, l\u00e9gales ou r\u00e9glementaires.<\/p>\n<h4 class=\"fusion-responsive-typography-calculated\" data-fontsize=\"24\" data-lineheight=\"28.8px\">\u00a0<strong>CONTACTEZ-NOUS<\/strong><\/h4>\n<p>Pour plus d&rsquo;informations sur nos pratiques de confidentialit\u00e9, si vous avez des questions ou si vous souhaitez d\u00e9poser une plainte, veuillez nous contacter par e-mail \u00e0\u00a0<a href=\"mailto:info@fabstructures.ca?_x_tr_sl=en&amp;_x_tr_tl=fr&amp;_x_tr_hl=en&amp;_x_tr_pto=wapp\">info@fabstructures.ca<\/a>.<\/p>\n","protected":false},"excerpt":{"rendered":"<p>Cette politique de confidentialit\u00e9 d\u00e9crit comment vos informations personnelles sont [&hellip;]<\/p>\n","protected":false},"author":2,"featured_media":0,"parent":0,"menu_order":0,"comment_status":"closed","ping_status":"closed","template":"","meta":{"_acf_changed":false,"footnotes":""},"class_list":["post-1312","page","type-page","status-publish","hentry"],"acf":[],"aioseo_notices":[],"_links":{"self":[{"href":"https:\/\/fabstructures.ca\/fr\/wp-json\/wp\/v2\/pages\/1312","targetHints":{"allow":["GET"]}}],"collection":[{"href":"https:\/\/fabstructures.ca\/fr\/wp-json\/wp\/v2\/pages"}],"about":[{"href":"https:\/\/fabstructures.ca\/fr\/wp-json\/wp\/v2\/types\/page"}],"author":[{"embeddable":true,"href":"https:\/\/fabstructures.ca\/fr\/wp-json\/wp\/v2\/users\/2"}],"replies":[{"embeddable":true,"href":"https:\/\/fabstructures.ca\/fr\/wp-json\/wp\/v2\/comments?post=1312"}],"version-history":[{"count":2,"href":"https:\/\/fabstructures.ca\/fr\/wp-json\/wp\/v2\/pages\/1312\/revisions"}],"predecessor-version":[{"id":1331,"href":"https:\/\/fabstructures.ca\/fr\/wp-json\/wp\/v2\/pages\/1312\/revisions\/1331"}],"wp:attachment":[{"href":"https:\/\/fabstructures.ca\/fr\/wp-json\/wp\/v2\/media?parent=1312"}],"curies":[{"name":"wp","href":"https:\/\/api.w.org\/{rel}","templated":true}]}}