{"id":1314,"date":"2022-12-12T19:04:06","date_gmt":"2022-12-12T19:04:06","guid":{"rendered":"https:\/\/fabstructures.ca\/?page_id=1314"},"modified":"2025-11-10T15:05:52","modified_gmt":"2025-11-10T15:05:52","slug":"residentiel","status":"publish","type":"page","link":"https:\/\/fabstructures.ca\/fr\/residentiel\/","title":{"rendered":"R\u00e9sidentiel"},"content":{"rendered":"<p><div class=\"fusion-fullwidth fullwidth-box fusion-builder-row-1 fusion-flex-container has-pattern-background has-mask-background fusion-parallax-none hero nonhundred-percent-fullwidth non-hundred-percent-height-scrolling\" style=\"--awb-border-radius-top-left:0px;--awb-border-radius-top-right:0px;--awb-border-radius-bottom-right:0px;--awb-border-radius-bottom-left:0px;--awb-min-height:600px;--awb-background-image:url(&quot;https:\/\/fabstructures.ca\/wp-content\/uploads\/2023\/01\/residential_fab-homes.jpg&quot;);--awb-background-size:cover;--awb-flex-wrap:wrap;\" ><div class=\"fusion-builder-row fusion-row fusion-flex-align-items-center fusion-flex-align-content-center fusion-flex-justify-content-center fusion-flex-content-wrap\" style=\"max-width:1612px;margin-left: calc(-4% \/ 2 );margin-right: calc(-4% \/ 2 );\"><div class=\"fusion-layout-column fusion_builder_column fusion-builder-column-0 fusion_builder_column_1_1 1_1 fusion-flex-column\" style=\"--awb-bg-size:cover;--awb-width-large:100%;--awb-margin-top-large:0px;--awb-spacing-right-large:1.92%;--awb-margin-bottom-large:20px;--awb-spacing-left-large:1.92%;--awb-width-medium:100%;--awb-order-medium:0;--awb-spacing-right-medium:1.92%;--awb-spacing-left-medium:1.92%;--awb-width-small:100%;--awb-order-small:0;--awb-spacing-right-small:1.92%;--awb-spacing-left-small:1.92%;\"><div class=\"fusion-column-wrapper fusion-column-has-shadow fusion-flex-justify-content-flex-start fusion-content-layout-column\"><div class=\"fusion-title title fusion-title-1 fusion-sep-none fusion-title-text fusion-title-size-one\"><h1 class=\"fusion-title-heading title-heading-left fusion-responsive-typography-calculated\" style=\"margin:0;--fontSize:64;line-height:var(--awb-typography1-line-height);\"><h1 style=\"text-align: center;\"><strong>Maisons <\/strong>r\u00e9sidentielles<\/h1><\/h1><\/div><\/div><\/div><\/div><\/div><div class=\"fusion-fullwidth fullwidth-box fusion-builder-row-2 fusion-flex-container has-pattern-background has-mask-background nonhundred-percent-fullwidth non-hundred-percent-height-scrolling\" style=\"--awb-border-radius-top-left:0px;--awb-border-radius-top-right:0px;--awb-border-radius-bottom-right:0px;--awb-border-radius-bottom-left:0px;--awb-padding-bottom:.75em;--awb-margin-top:30px;--awb-background-color:var(--awb-color1);--awb-flex-wrap:wrap;\" ><div class=\"fusion-builder-row fusion-row fusion-flex-align-items-flex-start fusion-flex-content-wrap\" style=\"max-width:1612px;margin-left: calc(-4% \/ 2 );margin-right: calc(-4% \/ 2 );\"><div class=\"fusion-layout-column fusion_builder_column fusion-builder-column-1 fusion_builder_column_1_1 1_1 fusion-flex-column\" style=\"--awb-padding-top:3em;--awb-padding-bottom:3em;--awb-bg-size:cover;--awb-width-large:100%;--awb-margin-top-large:0px;--awb-spacing-right-large:1.92%;--awb-margin-bottom-large:20px;--awb-spacing-left-large:1.92%;--awb-width-medium:100%;--awb-order-medium:0;--awb-spacing-right-medium:1.92%;--awb-spacing-left-medium:1.92%;--awb-width-small:100%;--awb-order-small:0;--awb-spacing-right-small:1.92%;--awb-spacing-left-small:1.92%;\"><div class=\"fusion-column-wrapper fusion-column-has-shadow fusion-flex-justify-content-flex-start fusion-content-layout-column\"><div class=\"fusion-title title fusion-title-2 fusion-sep-none fusion-title-center fusion-title-text fusion-title-size-six\"><h6 class=\"fusion-title-heading title-heading-center fusion-responsive-typography-calculated\" style=\"margin:0;--fontSize:20;--minFontSize:20;line-height:var(--awb-typography1-line-height);\"><p>Des maisons construites<br \/>\npour la vie<\/p><\/h6><\/div><div class=\"fusion-text fusion-text-1\" style=\"--awb-font-size:20px;--awb-line-height:1.3;--awb-margin-right:10%;--awb-margin-left:10%;\"><div class=\"fusion-layout-column fusion_builder_column fusion-builder-column-1 fusion_builder_column_1_1 1_1 fusion-flex-column\">\n<div class=\"fusion-column-wrapper fusion-column-has-shadow fusion-flex-justify-content-flex-start fusion-content-layout-column\">\n<div class=\"fusion-text fusion-text-1\">\n<p style=\"text-align: center;\" data-start=\"614\" data-end=\"899\">Chez Fab, nous sommes convaincus que de bonnes maisons peuvent changer votre vie. Une maison de haute qualit\u00e9, autonome et bien pens\u00e9e, vous permet de retrouver du temps et de l\u2019\u00e9nergie pour vous concentrer sur l\u2019essentiel : vivre et cr\u00e9er des souvenirs pr\u00e9cieux.<\/p>\n<p style=\"text-align: center;\" data-start=\"907\" data-end=\"1093\">Chaque maison Fab est con\u00e7ue autour de vous, pour \u00eatre saine, durable, naturelle et sans souci. Nous travaillons dur afin que vous puissiez profiter pleinement de la vie.<\/p>\n<\/div>\n<\/div>\n<\/div>\n<\/div><\/div><\/div><\/div><\/div><div class=\"fusion-fullwidth fullwidth-box fusion-builder-row-3 fusion-flex-container has-pattern-background has-mask-background nonhundred-percent-fullwidth non-hundred-percent-height-scrolling\" style=\"--awb-border-radius-top-left:0px;--awb-border-radius-top-right:0px;--awb-border-radius-bottom-right:0px;--awb-border-radius-bottom-left:0px;--awb-padding-top:3.5em;--awb-padding-bottom:2.5em;--awb-flex-wrap:wrap;\" ><div class=\"fusion-builder-row fusion-row fusion-flex-align-items-flex-start fusion-flex-content-wrap\" style=\"max-width:1612px;margin-left: calc(-4% \/ 2 );margin-right: calc(-4% \/ 2 );\"><div class=\"fusion-layout-column fusion_builder_column fusion-builder-column-2 fusion_builder_column_1_2 1_2 fusion-flex-column\" style=\"--awb-bg-size:cover;--awb-width-large:50%;--awb-margin-top-large:0px;--awb-spacing-right-large:3.84%;--awb-margin-bottom-large:20px;--awb-spacing-left-large:3.84%;--awb-width-medium:50%;--awb-order-medium:0;--awb-spacing-right-medium:3.84%;--awb-spacing-left-medium:3.84%;--awb-width-small:100%;--awb-order-small:0;--awb-spacing-right-small:1.92%;--awb-spacing-left-small:1.92%;\"><div class=\"fusion-column-wrapper fusion-column-has-shadow fusion-flex-justify-content-flex-start fusion-content-layout-column\"><div class=\"fusion-title title fusion-title-3 fusion-sep-none fusion-title-text fusion-title-size-three\"><h3 class=\"fusion-title-heading title-heading-left fusion-responsive-typography-calculated\" style=\"margin:0;--fontSize:32;line-height:var(--awb-typography1-line-height);\"><strong>Maisons<\/strong> construites<\/h3><\/div><\/div><\/div><div class=\"fusion-layout-column fusion_builder_column fusion-builder-column-3 fusion_builder_column_1_2 1_2 fusion-flex-column\" style=\"--awb-bg-size:cover;--awb-width-large:50%;--awb-margin-top-large:0px;--awb-spacing-right-large:3.84%;--awb-margin-bottom-large:20px;--awb-spacing-left-large:3.84%;--awb-width-medium:50%;--awb-order-medium:0;--awb-spacing-right-medium:3.84%;--awb-spacing-left-medium:3.84%;--awb-width-small:100%;--awb-order-small:0;--awb-spacing-right-small:1.92%;--awb-spacing-left-small:1.92%;\"><div class=\"fusion-column-wrapper fusion-column-has-shadow fusion-flex-justify-content-flex-start fusion-content-layout-column\"><div class=\"fusion-title title fusion-title-4 fusion-sep-none fusion-title-text fusion-title-size-three all-projects\"><h3 class=\"fusion-title-heading title-heading-left fusion-responsive-typography-calculated\" style=\"margin:0;--fontSize:32;line-height:var(--awb-typography1-line-height);\"><a href=\"https:\/\/fabstructures.ca\/fr\/travail\/\">Voir tous nos <strong>projets<\/strong><\/a><\/h3><\/div><\/div><\/div><div class=\"fusion-layout-column fusion_builder_column fusion-builder-column-4 fusion_builder_column_1_1 1_1 fusion-flex-column\" style=\"--awb-bg-size:cover;--awb-width-large:100%;--awb-margin-top-large:0px;--awb-spacing-right-large:1.92%;--awb-margin-bottom-large:20px;--awb-spacing-left-large:1.92%;--awb-width-medium:100%;--awb-order-medium:0;--awb-spacing-right-medium:1.92%;--awb-spacing-left-medium:1.92%;--awb-width-small:100%;--awb-order-small:0;--awb-spacing-right-small:1.92%;--awb-spacing-left-small:1.92%;\"><div class=\"fusion-column-wrapper fusion-column-has-shadow fusion-flex-justify-content-flex-start fusion-content-layout-column\"><style type=\"text\/css\">.fusion-portfolio-wrapper#fusion-portfolio-1 .fusion-portfolio-content{  text-align: left; }<\/style><div class=\"fusion-recent-works fusion-portfolio-element fusion-portfolio fusion-portfolio-1 fusion-portfolio-grid fusion-portfolio-paging-none fusion-portfolio-three fusion-portfolio-unboxed fusion-portfolio-text fusion-portfolio-equal-heights equal-height-img\" data-id=\"-rw-1\" data-columns=\"three\"><style type=\"text\/css\">.fusion-portfolio-1 .fusion-portfolio-wrapper .fusion-col-spacing{padding:15px;}<\/style><div class=\"fusion-portfolio-wrapper\" id=\"fusion-portfolio-1\" data-picturesize=\"auto\" data-pages=\"4\" style=\"margin:-15px;\"><article id=\"portfolio-1-post-1403\" class=\"fusion-portfolio-post residential-fr fusion-col-spacing post-1403\"><div class=\"fusion-portfolio-content-wrapper\" style=\"border:none;\"><span class=\"vcard rich-snippet-hidden\"><span class=\"fn\"><a href=\"https:\/\/fabstructures.ca\/fr\/author\/alexmossdesign-co\/\" title=\"Articles par FAB\" rel=\"author\">FAB<\/a><\/span><\/span><span class=\"updated rich-snippet-hidden\">2023-06-19T16:48:21+00:00<\/span><div  class=\"fusion-image-wrapper\" aria-haspopup=\"true\">\n\t\t\t\t\t\t\t<a href=\"https:\/\/fabstructures.ca\/fr\/project\/clt-chalet\/?portfolioCats=27\" aria-label=\"CLT Chalet\">\n\t\t\t\t\t\t\t<img decoding=\"async\" width=\"500\" height=\"500\" src=\"https:\/\/fabstructures.ca\/wp-content\/uploads\/2022\/12\/clt-chalet-thumbnail.jpg\" class=\"attachment-full size-full wp-post-image\" alt=\"\" srcset=\"https:\/\/fabstructures.ca\/wp-content\/uploads\/2022\/12\/clt-chalet-thumbnail-200x200.jpg 200w, https:\/\/fabstructures.ca\/wp-content\/uploads\/2022\/12\/clt-chalet-thumbnail-400x400.jpg 400w, https:\/\/fabstructures.ca\/wp-content\/uploads\/2022\/12\/clt-chalet-thumbnail.jpg 500w\" sizes=\"(min-width: 2200px) 100vw, (min-width: 784px) 497px, (min-width: 712px) 784px, (min-width: 640px) 712px, \" \/>\t\t\t<\/a>\n\t\t\t\t\t\t\t<\/div>\n<div class=\"fusion-portfolio-content\"><h2 class=\"entry-title fusion-post-title\"><a href=\"https:\/\/fabstructures.ca\/fr\/project\/clt-chalet\/?portfolioCats=27\">CLT Chalet<\/a><\/h2><div class=\"fusion-portfolio-meta\"><a href=\"https:\/\/fabstructures.ca\/fr\/portfolio_category\/residential-fr\/\" rel=\"tag\">Residential<\/a><\/div><div class=\"fusion-post-content\"><p>Mont-Saint-Marie, QC<\/p><\/div><\/div><\/div><\/article><article id=\"portfolio-1-post-1401\" class=\"fusion-portfolio-post residential-fr fusion-col-spacing post-1401\"><div class=\"fusion-portfolio-content-wrapper\" style=\"border:none;\"><span class=\"vcard rich-snippet-hidden\"><span class=\"fn\"><a href=\"https:\/\/fabstructures.ca\/fr\/author\/alexmossdesign-co\/\" title=\"Articles par FAB\" rel=\"author\">FAB<\/a><\/span><\/span><span class=\"updated rich-snippet-hidden\">2024-02-29T20:26:37+00:00<\/span><div  class=\"fusion-image-wrapper\" aria-haspopup=\"true\">\n\t\t\t\t\t\t\t<a href=\"https:\/\/fabstructures.ca\/fr\/project\/arden-house\/?portfolioCats=27\" aria-label=\"Arden House\">\n\t\t\t\t\t\t\t<img decoding=\"async\" width=\"500\" height=\"500\" src=\"https:\/\/fabstructures.ca\/wp-content\/uploads\/2022\/12\/arden-house-thumbnail.jpg\" class=\"attachment-full size-full wp-post-image\" alt=\"Fab Homes Arden House\" srcset=\"https:\/\/fabstructures.ca\/wp-content\/uploads\/2022\/12\/arden-house-thumbnail-200x200.jpg 200w, https:\/\/fabstructures.ca\/wp-content\/uploads\/2022\/12\/arden-house-thumbnail-400x400.jpg 400w, https:\/\/fabstructures.ca\/wp-content\/uploads\/2022\/12\/arden-house-thumbnail.jpg 500w\" sizes=\"(min-width: 2200px) 100vw, (min-width: 784px) 497px, (min-width: 712px) 784px, (min-width: 640px) 712px, \" \/>\t\t\t<\/a>\n\t\t\t\t\t\t\t<\/div>\n<div class=\"fusion-portfolio-content\"><h2 class=\"entry-title fusion-post-title\"><a href=\"https:\/\/fabstructures.ca\/fr\/project\/arden-house\/?portfolioCats=27\">Arden House<\/a><\/h2><div class=\"fusion-portfolio-meta\"><a href=\"https:\/\/fabstructures.ca\/fr\/portfolio_category\/residential-fr\/\" rel=\"tag\">Residential<\/a><\/div><div class=\"fusion-post-content\"><p>Arden, ON<\/p><\/div><\/div><\/div><\/article><article id=\"portfolio-1-post-1364\" class=\"fusion-portfolio-post residential-fr fusion-col-spacing post-1364\"><div class=\"fusion-portfolio-content-wrapper\" style=\"border:none;\"><span class=\"vcard rich-snippet-hidden\"><span class=\"fn\"><a href=\"https:\/\/fabstructures.ca\/fr\/author\/alexmossdesign-co\/\" title=\"Articles par FAB\" rel=\"author\">FAB<\/a><\/span><\/span><span class=\"updated rich-snippet-hidden\">2024-08-05T19:25:51+00:00<\/span><div  class=\"fusion-image-wrapper\" aria-haspopup=\"true\">\n\t\t\t\t\t\t\t<a href=\"https:\/\/fabstructures.ca\/fr\/project\/sunridge\/?portfolioCats=27\" aria-label=\"Sunridge\">\n\t\t\t\t\t\t\t<img decoding=\"async\" width=\"2560\" height=\"2560\" src=\"https:\/\/fabstructures.ca\/wp-content\/uploads\/2023\/02\/2024-06-20_FABStructures_MontSteMarie_AmandaThirkill-0808-2-scaled.jpg\" class=\"attachment-full size-full wp-post-image\" alt=\"\" srcset=\"https:\/\/fabstructures.ca\/wp-content\/uploads\/2023\/02\/2024-06-20_FABStructures_MontSteMarie_AmandaThirkill-0808-2-200x200.jpg 200w, https:\/\/fabstructures.ca\/wp-content\/uploads\/2023\/02\/2024-06-20_FABStructures_MontSteMarie_AmandaThirkill-0808-2-400x400.jpg 400w, https:\/\/fabstructures.ca\/wp-content\/uploads\/2023\/02\/2024-06-20_FABStructures_MontSteMarie_AmandaThirkill-0808-2-600x600.jpg 600w, https:\/\/fabstructures.ca\/wp-content\/uploads\/2023\/02\/2024-06-20_FABStructures_MontSteMarie_AmandaThirkill-0808-2-800x800.jpg 800w, https:\/\/fabstructures.ca\/wp-content\/uploads\/2023\/02\/2024-06-20_FABStructures_MontSteMarie_AmandaThirkill-0808-2-1200x1200.jpg 1200w, https:\/\/fabstructures.ca\/wp-content\/uploads\/2023\/02\/2024-06-20_FABStructures_MontSteMarie_AmandaThirkill-0808-2-scaled.jpg 2560w\" sizes=\"(min-width: 2200px) 100vw, (min-width: 784px) 497px, (min-width: 712px) 784px, (min-width: 640px) 712px, \" \/>\t\t\t<\/a>\n\t\t\t\t\t\t\t<\/div>\n<div class=\"fusion-portfolio-content\"><h2 class=\"entry-title fusion-post-title\"><a href=\"https:\/\/fabstructures.ca\/fr\/project\/sunridge\/?portfolioCats=27\">Sunridge<\/a><\/h2><div class=\"fusion-portfolio-meta\"><a href=\"https:\/\/fabstructures.ca\/fr\/portfolio_category\/residential-fr\/\" rel=\"tag\">Residential<\/a><\/div><div class=\"fusion-post-content\"><p>Mont Ste Marie, QC<\/p><\/div><\/div><\/div><\/article><\/div><\/div><\/div><\/div><\/div><\/div><div class=\"fusion-fullwidth fullwidth-box fusion-builder-row-4 fusion-flex-container has-pattern-background has-mask-background nonhundred-percent-fullwidth non-hundred-percent-height-scrolling\" style=\"--awb-border-radius-top-left:0px;--awb-border-radius-top-right:0px;--awb-border-radius-bottom-right:0px;--awb-border-radius-bottom-left:0px;--awb-padding-bottom:.75em;--awb-margin-top:30px;--awb-background-color:var(--awb-color2);--awb-flex-wrap:wrap;\" ><div class=\"fusion-builder-row fusion-row fusion-flex-align-items-flex-start fusion-flex-content-wrap\" style=\"max-width:1612px;margin-left: calc(-4% \/ 2 );margin-right: calc(-4% \/ 2 );\"><div class=\"fusion-layout-column fusion_builder_column fusion-builder-column-5 fusion_builder_column_1_1 1_1 fusion-flex-column\" style=\"--awb-padding-top:6em;--awb-padding-bottom:3em;--awb-bg-size:cover;--awb-width-large:100%;--awb-margin-top-large:0px;--awb-spacing-right-large:1.92%;--awb-margin-bottom-large:20px;--awb-spacing-left-large:1.92%;--awb-width-medium:100%;--awb-order-medium:0;--awb-spacing-right-medium:1.92%;--awb-spacing-left-medium:1.92%;--awb-width-small:100%;--awb-order-small:0;--awb-spacing-right-small:1.92%;--awb-spacing-left-small:1.92%;\"><div class=\"fusion-column-wrapper fusion-column-has-shadow fusion-flex-justify-content-flex-start fusion-content-layout-column\"><div class=\"fusion-title title fusion-title-5 fusion-sep-none fusion-title-center fusion-title-text fusion-title-size-two\"><h2 class=\"fusion-title-heading title-heading-center fusion-responsive-typography-calculated\" style=\"margin:0;--fontSize:48;line-height:var(--awb-typography1-line-height);\">Un processus complet de <strong>bout en bout<\/strong><\/h2><\/div><\/div><\/div><div class=\"fusion-layout-column fusion_builder_column fusion-builder-column-6 fusion_builder_column_1_2 1_2 fusion-flex-column fusion-flex-align-self-stretch left-listed\" style=\"--awb-bg-size:cover;--awb-border-color:var(--awb-color3);--awb-border-bottom:1px;--awb-border-style:solid;--awb-width-large:50%;--awb-margin-top-large:0px;--awb-spacing-right-large:3.84%;--awb-margin-bottom-large:20px;--awb-spacing-left-large:3.84%;--awb-width-medium:50%;--awb-order-medium:0;--awb-spacing-right-medium:3.84%;--awb-spacing-left-medium:3.84%;--awb-width-small:100%;--awb-order-small:0;--awb-spacing-right-small:1.92%;--awb-spacing-left-small:1.92%;\"><div class=\"fusion-column-wrapper fusion-column-has-shadow fusion-flex-justify-content-flex-start fusion-content-layout-column\"><div class=\"fusion-text fusion-text-2\"><h2><strong>Design<\/strong><\/h2>\n<h3 class=\"one\">Nous concevons \u00e0 partir de z\u00e9ro<\/h3>\n<p>Si vous n&rsquo;avez pas de plan, nous avons une s\u00e9lection de mod\u00e8les parmi lesquels vous pouvez choisir ou nous travaillons avec vous et r\u00e9alisons vos aspirations.\u00a0Partagez avec nous vos id\u00e9es, vos inspirations, votre vision et vos objectifs et nous les rendrons r\u00e9els et r\u00e9alistes.<\/p>\n<h3><strong>ou<\/strong><\/h3>\n<h3>Vous apportez vos propres cr\u00e9ations<\/h3>\n<p>Si vous avez d\u00e9j\u00e0 des projets, c&rsquo;est encore mieux ! Nous travaillerons avec ce que vous avez, ferons des suggestions (si n\u00e9cessaire) pour vous aider \u00e0 faire correspondre votre budget et votre conception en gardant \u00e0 l&rsquo;esprit la durabilit\u00e9.<\/p>\n<\/div><div class=\"fusion-text fusion-text-3\"><h2><strong>Construction<\/strong><\/h2>\n<h3 class=\"two fusion-responsive-typography-calculated\" data-fontsize=\"32\" data-lineheight=\"38.4px\">Nous construisons selon les sp\u00e9cifications dans notre usine<\/h3>\n<p>Permis approuv\u00e9, ing\u00e9nierie approuv\u00e9e et mat\u00e9riaux command\u00e9s, nous sommes pr\u00eats \u00e0 transformer ce qui est sur papier en 3D.\u00a0Vous pouvez m\u00eame venir visiter notre usine pendant que nous pr\u00e9-fabriquons votre maison.<\/p>\n<h3 class=\"three fusion-responsive-typography-calculated\" data-fontsize=\"32\" data-lineheight=\"38.4px\">Nous assemblons tout sur place<\/h3>\n<p>En quelques jours, vous verrez les murs, les toits et les planchers de votre nouvelle maison \u00eatre assembl\u00e9s par notre \u00e9quipe d&rsquo;experts.<\/p>\n<h3 class=\"four fusion-responsive-typography-calculated\" data-fontsize=\"32\" data-lineheight=\"38.4px\">Nous finissons votre maison<\/h3>\n<p>Si vous nous avez embauch\u00e9s pour un projet cl\u00e9 en main, nous r\u00e9alisons votre projet avec tous les embellissements que vous avez demand\u00e9s\u00a0;\u00a0bardage, toiture, finition int\u00e9rieure, rev\u00eatement de sol et plus encore.<\/p>\n<h3><strong>ou<\/strong><\/h3>\n<h3 class=\"fusion-responsive-typography-calculated\" data-fontsize=\"32\" data-lineheight=\"38.4px\">Vous finissez votre maison<\/h3>\n<div class=\"fusion-layout-column fusion_builder_column fusion-builder-column-7 fusion_builder_column_1_2 1_2 fusion-flex-column fusion-flex-align-self-stretch left-listed\">\n<div class=\"fusion-column-wrapper fusion-column-has-shadow fusion-flex-justify-content-flex-start fusion-content-layout-column\">\n<div class=\"fusion-text fusion-text-5\">\n<p>Vous avez \u00e9galement la possibilit\u00e9 de reprendre les cl\u00e9s de votre projet apr\u00e8s que nous ayons assembl\u00e9 l&rsquo;enveloppe herm\u00e9tique et que nous la terminions vous-m\u00eame !<\/p>\n<\/div>\n<\/div>\n<\/div>\n<\/div><\/div><\/div><div class=\"fusion-layout-column fusion_builder_column fusion-builder-column-7 fusion_builder_column_1_2 1_2 fusion-flex-column fusion-flex-align-self-flex-start\" style=\"--awb-bg-image:url(&#039;https:\/\/fabstructures.ca\/wp-content\/uploads\/2023\/03\/fab-structures-process.jpg&#039;);--awb-bg-position:center center;--awb-bg-size:cover;--awb-width-large:50%;--awb-margin-top-large:0px;--awb-spacing-right-large:3.84%;--awb-margin-bottom-large:20px;--awb-spacing-left-large:3.84%;--awb-width-medium:50%;--awb-order-medium:0;--awb-spacing-right-medium:3.84%;--awb-spacing-left-medium:3.84%;--awb-width-small:100%;--awb-order-small:0;--awb-spacing-right-small:1.92%;--awb-spacing-left-small:1.92%;\"><div class=\"fusion-column-wrapper fusion-column-has-shadow fusion-flex-justify-content-flex-start fusion-content-layout-column fusion-empty-column-bg-image fusion-column-has-bg-image\" data-bg-url=\"https:\/\/fabstructures.ca\/wp-content\/uploads\/2023\/03\/fab-structures-process.jpg\"><img decoding=\"async\" class=\"fusion-empty-dims-img-placeholder\" src=\"data:image\/svg+xml,%3Csvg%20xmlns%3D%27http%3A%2F%2Fwww.w3.org%2F2000%2Fsvg%27%20width%3D%27850%27%20height%3D%271135%27%20viewBox%3D%270%200%20850%201135%27%3E%3Crect%20width%3D%27850%27%20height%3D%271135%27%20fill-opacity%3D%220%22%2F%3E%3C%2Fsvg%3E\"><\/div><\/div><\/div><\/div><div class=\"fusion-fullwidth fullwidth-box fusion-builder-row-5 fusion-flex-container has-pattern-background has-mask-background nonhundred-percent-fullwidth non-hundred-percent-height-scrolling\" style=\"--awb-border-radius-top-left:0px;--awb-border-radius-top-right:0px;--awb-border-radius-bottom-right:0px;--awb-border-radius-bottom-left:0px;--awb-padding-top:6.3em;--awb-padding-bottom:6em;--awb-background-color:#845f4f;--awb-flex-wrap:wrap;\" ><div class=\"fusion-builder-row fusion-row fusion-flex-align-items-flex-start fusion-flex-content-wrap\" style=\"max-width:1612px;margin-left: calc(-4% \/ 2 );margin-right: calc(-4% \/ 2 );\"><div class=\"fusion-layout-column fusion_builder_column fusion-builder-column-8 fusion_builder_column_1_1 1_1 fusion-flex-column\" style=\"--awb-bg-size:cover;--awb-width-large:100%;--awb-margin-top-large:0px;--awb-spacing-right-large:1.92%;--awb-margin-bottom-large:20px;--awb-spacing-left-large:1.92%;--awb-width-medium:100%;--awb-order-medium:0;--awb-spacing-right-medium:1.92%;--awb-spacing-left-medium:1.92%;--awb-width-small:100%;--awb-order-small:0;--awb-spacing-right-small:1.92%;--awb-spacing-left-small:1.92%;\"><div class=\"fusion-column-wrapper fusion-column-has-shadow fusion-flex-justify-content-flex-start fusion-content-layout-column\"><div class=\"fusion-title title fusion-title-6 fusion-sep-none fusion-title-center fusion-title-text fusion-title-size-two\"><h2 class=\"fusion-title-heading title-heading-center fusion-responsive-typography-calculated\" style=\"margin:0;--fontSize:48;line-height:var(--awb-typography1-line-height);\">Parlez-nous de <strong>votre vision.<\/strong><\/h2><\/div><div style=\"text-align:center;\"><a class=\"fusion-button button-flat fusion-button-default-size button-default fusion-button-default button-1 fusion-button-default-span fusion-button-default-type\" style=\"--button_margin-top:1em;\" target=\"_self\" title=\"To project contact page\" aria-label=\"To project contact page\" href=\"https:\/\/fabstructures.ca\/fr\/demarrer-un-projet\/\"><span class=\"fusion-button-text\">D\u00e9marrer un projet<\/span><\/a><\/div><\/div><\/div><\/div><\/div><\/p>\n","protected":false},"excerpt":{"rendered":"","protected":false},"author":2,"featured_media":0,"parent":0,"menu_order":0,"comment_status":"closed","ping_status":"closed","template":"100-width.php","meta":{"_acf_changed":false,"footnotes":""},"class_list":["post-1314","page","type-page","status-publish","hentry"],"acf":[],"aioseo_notices":[],"_links":{"self":[{"href":"https:\/\/fabstructures.ca\/fr\/wp-json\/wp\/v2\/pages\/1314","targetHints":{"allow":["GET"]}}],"collection":[{"href":"https:\/\/fabstructures.ca\/fr\/wp-json\/wp\/v2\/pages"}],"about":[{"href":"https:\/\/fabstructures.ca\/fr\/wp-json\/wp\/v2\/types\/page"}],"author":[{"embeddable":true,"href":"https:\/\/fabstructures.ca\/fr\/wp-json\/wp\/v2\/users\/2"}],"replies":[{"embeddable":true,"href":"https:\/\/fabstructures.ca\/fr\/wp-json\/wp\/v2\/comments?post=1314"}],"version-history":[{"count":10,"href":"https:\/\/fabstructures.ca\/fr\/wp-json\/wp\/v2\/pages\/1314\/revisions"}],"predecessor-version":[{"id":2748,"href":"https:\/\/fabstructures.ca\/fr\/wp-json\/wp\/v2\/pages\/1314\/revisions\/2748"}],"wp:attachment":[{"href":"https:\/\/fabstructures.ca\/fr\/wp-json\/wp\/v2\/media?parent=1314"}],"curies":[{"name":"wp","href":"https:\/\/api.w.org\/{rel}","templated":true}]}}