{"id":41,"date":"2022-12-12T19:03:38","date_gmt":"2022-12-12T19:03:38","guid":{"rendered":"https:\/\/fabstructures.ca\/philosophy\/"},"modified":"2025-10-22T16:52:35","modified_gmt":"2025-10-22T16:52:35","slug":"philosophie","status":"publish","type":"page","link":"https:\/\/fabstructures.ca\/fr\/philosophie\/","title":{"rendered":"Philosophie"},"content":{"rendered":"<p><div class=\"fusion-fullwidth fullwidth-box fusion-builder-row-1 fusion-flex-container has-pattern-background has-mask-background fusion-parallax-none hero nonhundred-percent-fullwidth non-hundred-percent-height-scrolling\" style=\"--awb-background-position:center top;--awb-border-radius-top-left:0px;--awb-border-radius-top-right:0px;--awb-border-radius-bottom-right:0px;--awb-border-radius-bottom-left:0px;--awb-min-height:600px;--awb-background-image:url(&quot;https:\/\/fabstructures.ca\/wp-content\/uploads\/2022\/12\/fab-philosophy.jpg&quot;);--awb-background-size:cover;--awb-flex-wrap:wrap;\" ><div class=\"fusion-builder-row fusion-row fusion-flex-align-items-center fusion-flex-align-content-center fusion-flex-justify-content-center fusion-flex-content-wrap\" style=\"max-width:1612px;margin-left: calc(-4% \/ 2 );margin-right: calc(-4% \/ 2 );\"><div class=\"fusion-layout-column fusion_builder_column fusion-builder-column-0 fusion_builder_column_1_1 1_1 fusion-flex-column\" style=\"--awb-bg-size:cover;--awb-width-large:100%;--awb-margin-top-large:0px;--awb-spacing-right-large:1.92%;--awb-margin-bottom-large:20px;--awb-spacing-left-large:1.92%;--awb-width-medium:100%;--awb-order-medium:0;--awb-spacing-right-medium:1.92%;--awb-spacing-left-medium:1.92%;--awb-width-small:100%;--awb-order-small:0;--awb-spacing-right-small:1.92%;--awb-spacing-left-small:1.92%;\"><div class=\"fusion-column-wrapper fusion-column-has-shadow fusion-flex-justify-content-flex-start fusion-content-layout-column\"><div class=\"fusion-title title fusion-title-1 fusion-sep-none fusion-title-text fusion-title-size-one\"><h1 class=\"fusion-title-heading title-heading-left fusion-responsive-typography-calculated\" style=\"margin:0;--fontSize:64;line-height:var(--awb-typography1-line-height);\"><h1 style=\"text-align: center;\">Notre<strong> Philosophie<\/strong><\/h1><\/h1><\/div><\/div><\/div><\/div><\/div><div class=\"fusion-fullwidth fullwidth-box fusion-builder-row-2 fusion-flex-container has-pattern-background has-mask-background nonhundred-percent-fullwidth non-hundred-percent-height-scrolling\" style=\"--awb-border-radius-top-left:0px;--awb-border-radius-top-right:0px;--awb-border-radius-bottom-right:0px;--awb-border-radius-bottom-left:0px;--awb-padding-bottom:.75em;--awb-margin-top:30px;--awb-background-color:var(--awb-color2);--awb-flex-wrap:wrap;\" id=\"purpose\" ><div class=\"fusion-builder-row fusion-row fusion-flex-align-items-flex-start fusion-flex-content-wrap\" style=\"max-width:1612px;margin-left: calc(-4% \/ 2 );margin-right: calc(-4% \/ 2 );\"><div class=\"fusion-layout-column fusion_builder_column fusion-builder-column-1 fusion_builder_column_1_1 1_1 fusion-flex-column\" style=\"--awb-padding-top:5em;--awb-padding-bottom:3em;--awb-bg-size:cover;--awb-width-large:100%;--awb-margin-top-large:0px;--awb-spacing-right-large:1.92%;--awb-margin-bottom-large:20px;--awb-spacing-left-large:1.92%;--awb-width-medium:100%;--awb-order-medium:0;--awb-spacing-right-medium:1.92%;--awb-spacing-left-medium:1.92%;--awb-width-small:100%;--awb-order-small:0;--awb-spacing-right-small:1.92%;--awb-spacing-left-small:1.92%;\"><div class=\"fusion-column-wrapper fusion-column-has-shadow fusion-flex-justify-content-flex-start fusion-content-layout-column\"><div class=\"fusion-title title fusion-title-2 fusion-sep-none fusion-title-center fusion-title-text fusion-title-size-six\"><h6 class=\"fusion-title-heading title-heading-center fusion-responsive-typography-calculated\" style=\"margin:0;--fontSize:20;--minFontSize:20;line-height:var(--awb-typography1-line-height);\">Notre objectif<\/h6><\/div><div class=\"fusion-text fusion-text-1\" style=\"--awb-font-size:26px;--awb-line-height:1.3;--awb-margin-right:10%;--awb-margin-left:10%;\"><div class=\"fusion-layout-column fusion_builder_column fusion-builder-column-1 fusion_builder_column_1_1 1_1 fusion-flex-column\">\n<div class=\"fusion-column-wrapper fusion-column-has-shadow fusion-flex-justify-content-flex-start fusion-content-layout-column\">\n<div class=\"fusion-text fusion-text-1\">\n<p style=\"text-align: center;\">Chez Fab, nous cr\u00e9ons des maisons qui changent votre quotidien. Qu\u2019il s\u2019agisse de gagner du temps ou de favoriser votre sant\u00e9, chaque maison est pens\u00e9e pour vous.<\/p>\n<\/div>\n<\/div>\n<\/div>\n<\/div><\/div><\/div><div class=\"fusion-layout-column fusion_builder_column fusion-builder-column-2 fusion_builder_column_1_1 1_1 fusion-flex-column\" style=\"--awb-padding-top:20px;--awb-bg-size:cover;--awb-border-color:var(--awb-color3);--awb-border-top:1px;--awb-border-right:0;--awb-border-bottom:0;--awb-border-left:0;--awb-border-style:solid;--awb-width-large:100%;--awb-margin-top-large:0px;--awb-spacing-right-large:1.92%;--awb-margin-bottom-large:0px;--awb-spacing-left-large:1.92%;--awb-width-medium:100%;--awb-order-medium:0;--awb-spacing-right-medium:1.92%;--awb-spacing-left-medium:1.92%;--awb-width-small:100%;--awb-order-small:0;--awb-spacing-right-small:1.92%;--awb-spacing-left-small:1.92%;\"><div class=\"fusion-column-wrapper fusion-column-has-shadow fusion-flex-justify-content-flex-start fusion-content-layout-column\"><\/div><\/div><div class=\"fusion-layout-column fusion_builder_column fusion-builder-column-3 fusion_builder_column_1_3 1_3 fusion-flex-column fusion-flex-align-self-stretch listed\" style=\"--awb-bg-size:cover;--awb-border-color:var(--awb-color3);--awb-border-bottom:1px;--awb-border-style:solid;--awb-width-large:33.333333333333%;--awb-margin-top-large:0px;--awb-spacing-right-large:5.76%;--awb-margin-bottom-large:20px;--awb-spacing-left-large:5.76%;--awb-width-medium:33.333333333333%;--awb-order-medium:0;--awb-spacing-right-medium:5.76%;--awb-spacing-left-medium:5.76%;--awb-width-small:100%;--awb-order-small:0;--awb-spacing-right-small:1.92%;--awb-spacing-left-small:1.92%;\"><div class=\"fusion-column-wrapper fusion-column-has-shadow fusion-flex-justify-content-flex-start fusion-content-layout-column\"><div class=\"fusion-text fusion-text-2\"><h3>1<\/h3>\n<div class=\"fusion-text fusion-text-2\">\n<p>Nos maisons sont b\u00e2ties pour durer des si\u00e8cles, et non des ann\u00e9es. Gr\u00e2ce \u00e0 leur structure en bois massif ou performante, elles r\u00e9sistent admirablement \u00e0 l\u2019\u00e9preuve du temps, devenant un h\u00e9ritage durable que vos enfants et petits-enfants pourront appr\u00e9cier pendant des g\u00e9n\u00e9rations.<\/p>\n<\/div>\n<\/div><div class=\"fusion-text fusion-text-3 hztl-sep\"><h3>2<\/h3>\n<p>Les maisons FAB sont b\u00e2ties avec votre bien-\u00eatre au c\u0153ur de chaque d\u00e9tail. De notre passion pour la lumi\u00e8re naturelle, b\u00e9n\u00e9fique pour l\u2019humeur, \u00e0 nos syst\u00e8mes d\u2019air purifi\u00e9s et sans allerg\u00e8nes, chaque maison est con\u00e7ue pour pr\u00e9server votre sant\u00e9 et votre bonheur.<\/p>\n<\/div><div class=\"fusion-text fusion-text-4 hztl-sep\"><h3>3<\/h3>\n<p>Gr\u00e2ce \u00e0 nos designs uniques et \u00e0 nos m\u00e9thodes de construction innovantes, nos maisons sont aussi sans souci que possible. Avec moins de pi\u00e8ces, des mat\u00e9riaux robustes et une ing\u00e9nierie intelligente, l\u2019entretien est r\u00e9duit au minimum, vous \u00e9pargnant des milliers de dollars et de soucis au fil du temps.<\/p>\n<\/div><\/div><\/div><div class=\"fusion-layout-column fusion_builder_column fusion-builder-column-4 fusion_builder_column_2_3 2_3 fusion-flex-column fusion-flex-align-self-stretch\" style=\"--awb-bg-image:url(&#039;https:\/\/fabstructures.ca\/wp-content\/uploads\/2022\/12\/philosophy_intro-fab.jpg&#039;);--awb-bg-size:cover;--awb-width-large:66.666666666667%;--awb-margin-top-large:0px;--awb-spacing-right-large:2.88%;--awb-margin-bottom-large:20px;--awb-spacing-left-large:2.88%;--awb-width-medium:66.666666666667%;--awb-order-medium:0;--awb-spacing-right-medium:2.88%;--awb-spacing-left-medium:2.88%;--awb-width-small:100%;--awb-order-small:0;--awb-spacing-right-small:1.92%;--awb-spacing-left-small:1.92%;\"><div class=\"fusion-column-wrapper fusion-column-has-shadow fusion-flex-justify-content-flex-start fusion-content-layout-column fusion-empty-column-bg-image fusion-column-has-bg-image\" data-bg-url=\"https:\/\/fabstructures.ca\/wp-content\/uploads\/2022\/12\/philosophy_intro-fab.jpg\"><img decoding=\"async\" class=\"fusion-empty-dims-img-placeholder\" src=\"data:image\/svg+xml,%3Csvg%20xmlns%3D%27http%3A%2F%2Fwww.w3.org%2F2000%2Fsvg%27%20width%3D%27850%27%20height%3D%27738%27%20viewBox%3D%270%200%20850%20738%27%3E%3Crect%20width%3D%27850%27%20height%3D%27738%27%20fill-opacity%3D%220%22%2F%3E%3C%2Fsvg%3E\"><\/div><\/div><\/div><\/div><div class=\"fusion-fullwidth fullwidth-box fusion-builder-row-3 fusion-flex-container has-pattern-background has-mask-background nonhundred-percent-fullwidth non-hundred-percent-height-scrolling\" style=\"--awb-border-radius-top-left:0px;--awb-border-radius-top-right:0px;--awb-border-radius-bottom-right:0px;--awb-border-radius-bottom-left:0px;--awb-padding-top:3.5em;--awb-padding-bottom:2.5em;--awb-flex-wrap:wrap;\" ><div class=\"fusion-builder-row fusion-row fusion-flex-align-items-flex-start fusion-flex-content-wrap\" style=\"max-width:1612px;margin-left: calc(-4% \/ 2 );margin-right: calc(-4% \/ 2 );\"><div class=\"fusion-layout-column fusion_builder_column fusion-builder-column-5 fusion_builder_column_1_1 1_1 fusion-flex-column\" style=\"--awb-bg-size:cover;--awb-border-color:var(--awb-color3);--awb-border-top:1px;--awb-border-style:solid;--awb-width-large:100%;--awb-margin-top-large:0px;--awb-spacing-right-large:1.92%;--awb-margin-bottom-large:20px;--awb-spacing-left-large:1.92%;--awb-width-medium:100%;--awb-order-medium:0;--awb-spacing-right-medium:1.92%;--awb-spacing-left-medium:1.92%;--awb-width-small:100%;--awb-order-small:0;--awb-spacing-right-small:1.92%;--awb-spacing-left-small:1.92%;\"><div class=\"fusion-column-wrapper fusion-column-has-shadow fusion-flex-justify-content-flex-start fusion-content-layout-column\"><\/div><\/div><div class=\"fusion-layout-column fusion_builder_column fusion-builder-column-6 fusion_builder_column_1_2 1_2 fusion-flex-column\" style=\"--awb-bg-size:cover;--awb-width-large:50%;--awb-margin-top-large:0px;--awb-spacing-right-large:3.84%;--awb-margin-bottom-large:20px;--awb-spacing-left-large:3.84%;--awb-width-medium:50%;--awb-order-medium:0;--awb-spacing-right-medium:3.84%;--awb-spacing-left-medium:3.84%;--awb-width-small:100%;--awb-order-small:0;--awb-spacing-right-small:1.92%;--awb-spacing-left-small:1.92%;\"><div class=\"fusion-column-wrapper fusion-column-has-shadow fusion-flex-justify-content-flex-start fusion-content-layout-column\"><div class=\"fusion-title title fusion-title-3 fusion-sep-none fusion-title-text fusion-title-size-three\"><h3 class=\"fusion-title-heading title-heading-left fusion-responsive-typography-calculated\" style=\"margin:0;--fontSize:32;line-height:var(--awb-typography1-line-height);\">Ce que nous avions construit<\/h3><\/div><\/div><\/div><div class=\"fusion-layout-column fusion_builder_column fusion-builder-column-7 fusion_builder_column_1_2 1_2 fusion-flex-column\" style=\"--awb-bg-size:cover;--awb-width-large:50%;--awb-margin-top-large:0px;--awb-spacing-right-large:3.84%;--awb-margin-bottom-large:20px;--awb-spacing-left-large:3.84%;--awb-width-medium:50%;--awb-order-medium:0;--awb-spacing-right-medium:3.84%;--awb-spacing-left-medium:3.84%;--awb-width-small:100%;--awb-order-small:0;--awb-spacing-right-small:1.92%;--awb-spacing-left-small:1.92%;\"><div class=\"fusion-column-wrapper fusion-column-has-shadow fusion-flex-justify-content-flex-start fusion-content-layout-column\"><div class=\"fusion-title title fusion-title-4 fusion-sep-none fusion-title-text fusion-title-size-three all-projects\"><h3 class=\"fusion-title-heading title-heading-left fusion-responsive-typography-calculated\" style=\"margin:0;--fontSize:32;line-height:var(--awb-typography1-line-height);\"><a href=\"https:\/\/fabstructures.ca\/fr\/travail\/\">Voir tous nos <strong>projets<\/strong><\/a><\/h3><\/div><\/div><\/div><div class=\"fusion-layout-column fusion_builder_column fusion-builder-column-8 fusion_builder_column_1_1 1_1 fusion-flex-column\" style=\"--awb-bg-size:cover;--awb-width-large:100%;--awb-margin-top-large:0px;--awb-spacing-right-large:1.92%;--awb-margin-bottom-large:20px;--awb-spacing-left-large:1.92%;--awb-width-medium:100%;--awb-order-medium:0;--awb-spacing-right-medium:1.92%;--awb-spacing-left-medium:1.92%;--awb-width-small:100%;--awb-order-small:0;--awb-spacing-right-small:1.92%;--awb-spacing-left-small:1.92%;\"><div class=\"fusion-column-wrapper fusion-column-has-shadow fusion-flex-justify-content-flex-start fusion-content-layout-column\"><style type=\"text\/css\">.fusion-portfolio-wrapper#fusion-portfolio-1 .fusion-portfolio-content{  text-align: left; }<\/style><div class=\"fusion-recent-works fusion-portfolio-element fusion-portfolio fusion-portfolio-1 fusion-portfolio-grid fusion-portfolio-paging-none fusion-portfolio-three fusion-portfolio-unboxed fusion-portfolio-text fusion-portfolio-equal-heights equal-height-img\" data-id=\"-rw-1\" data-columns=\"three\"><style type=\"text\/css\">.fusion-portfolio-1 .fusion-portfolio-wrapper .fusion-col-spacing{padding:15px;}<\/style><div class=\"fusion-portfolio-wrapper\" id=\"fusion-portfolio-1\" data-picturesize=\"auto\" data-pages=\"8\" style=\"margin:-15px;\"><article id=\"portfolio-1-post-1364\" class=\"fusion-portfolio-post residential-fr fusion-col-spacing post-1364\"><div class=\"fusion-portfolio-content-wrapper\" style=\"border:none;\"><span class=\"vcard rich-snippet-hidden\"><span class=\"fn\"><a href=\"https:\/\/fabstructures.ca\/fr\/author\/alexmossdesign-co\/\" title=\"Articles par FAB\" rel=\"author\">FAB<\/a><\/span><\/span><span class=\"updated rich-snippet-hidden\">2024-08-05T19:25:51+00:00<\/span><div  class=\"fusion-image-wrapper\" aria-haspopup=\"true\">\n\t\t\t\t\t\t\t<a href=\"https:\/\/fabstructures.ca\/fr\/project\/sunridge\/\" aria-label=\"Sunridge\">\n\t\t\t\t\t\t\t<img decoding=\"async\" width=\"2560\" height=\"2560\" src=\"https:\/\/fabstructures.ca\/wp-content\/uploads\/2023\/02\/2024-06-20_FABStructures_MontSteMarie_AmandaThirkill-0808-2-scaled.jpg\" class=\"attachment-full size-full wp-post-image\" alt=\"\" srcset=\"https:\/\/fabstructures.ca\/wp-content\/uploads\/2023\/02\/2024-06-20_FABStructures_MontSteMarie_AmandaThirkill-0808-2-200x200.jpg 200w, https:\/\/fabstructures.ca\/wp-content\/uploads\/2023\/02\/2024-06-20_FABStructures_MontSteMarie_AmandaThirkill-0808-2-400x400.jpg 400w, https:\/\/fabstructures.ca\/wp-content\/uploads\/2023\/02\/2024-06-20_FABStructures_MontSteMarie_AmandaThirkill-0808-2-600x600.jpg 600w, https:\/\/fabstructures.ca\/wp-content\/uploads\/2023\/02\/2024-06-20_FABStructures_MontSteMarie_AmandaThirkill-0808-2-800x800.jpg 800w, https:\/\/fabstructures.ca\/wp-content\/uploads\/2023\/02\/2024-06-20_FABStructures_MontSteMarie_AmandaThirkill-0808-2-1200x1200.jpg 1200w, https:\/\/fabstructures.ca\/wp-content\/uploads\/2023\/02\/2024-06-20_FABStructures_MontSteMarie_AmandaThirkill-0808-2-scaled.jpg 2560w\" sizes=\"(min-width: 2200px) 100vw, (min-width: 784px) 497px, (min-width: 712px) 784px, (min-width: 640px) 712px, \" \/>\t\t\t<\/a>\n\t\t\t\t\t\t\t<\/div>\n<div class=\"fusion-portfolio-content\"><h2 class=\"entry-title fusion-post-title\"><a href=\"https:\/\/fabstructures.ca\/fr\/project\/sunridge\/\">Sunridge<\/a><\/h2><div class=\"fusion-portfolio-meta\"><a href=\"https:\/\/fabstructures.ca\/fr\/portfolio_category\/residential-fr\/\" rel=\"tag\">Residential<\/a><\/div><div class=\"fusion-post-content\"><p>Mont Ste Marie, QC<\/p><\/div><\/div><\/div><\/article><article id=\"portfolio-1-post-1368\" class=\"fusion-portfolio-post residential-fr fusion-col-spacing post-1368\"><div class=\"fusion-portfolio-content-wrapper\" style=\"border:none;\"><span class=\"vcard rich-snippet-hidden\"><span class=\"fn\"><a href=\"https:\/\/fabstructures.ca\/fr\/author\/alexmossdesign-co\/\" title=\"Articles par FAB\" rel=\"author\">FAB<\/a><\/span><\/span><span class=\"updated rich-snippet-hidden\">2024-07-30T14:23:59+00:00<\/span><div  class=\"fusion-image-wrapper\" aria-haspopup=\"true\">\n\t\t\t\t\t\t\t<a href=\"https:\/\/fabstructures.ca\/fr\/project\/riverside\/\" aria-label=\"Riverside\">\n\t\t\t\t\t\t\t<img decoding=\"async\" width=\"500\" height=\"500\" src=\"https:\/\/fabstructures.ca\/wp-content\/uploads\/2023\/02\/Riverside-thumbnail.jpg\" class=\"attachment-full size-full wp-post-image\" alt=\"Riverside pre-fab house by Fab Homes\" srcset=\"https:\/\/fabstructures.ca\/wp-content\/uploads\/2023\/02\/Riverside-thumbnail-200x200.jpg 200w, https:\/\/fabstructures.ca\/wp-content\/uploads\/2023\/02\/Riverside-thumbnail-400x400.jpg 400w, https:\/\/fabstructures.ca\/wp-content\/uploads\/2023\/02\/Riverside-thumbnail.jpg 500w\" sizes=\"(min-width: 2200px) 100vw, (min-width: 784px) 497px, (min-width: 712px) 784px, (min-width: 640px) 712px, \" \/>\t\t\t<\/a>\n\t\t\t\t\t\t\t<\/div>\n<div class=\"fusion-portfolio-content\"><h2 class=\"entry-title fusion-post-title\"><a href=\"https:\/\/fabstructures.ca\/fr\/project\/riverside\/\">Riverside<\/a><\/h2><div class=\"fusion-portfolio-meta\"><a href=\"https:\/\/fabstructures.ca\/fr\/portfolio_category\/residential-fr\/\" rel=\"tag\">Residential<\/a><\/div><div class=\"fusion-post-content\"><p>Wakefield, QC<\/p><\/div><\/div><\/div><\/article><article id=\"portfolio-1-post-1360\" class=\"fusion-portfolio-post residential-fr fusion-col-spacing post-1360\"><div class=\"fusion-portfolio-content-wrapper\" style=\"border:none;\"><span class=\"vcard rich-snippet-hidden\"><span class=\"fn\"><a href=\"https:\/\/fabstructures.ca\/fr\/author\/alexmossdesign-co\/\" title=\"Articles par FAB\" rel=\"author\">FAB<\/a><\/span><\/span><span class=\"updated rich-snippet-hidden\">2024-07-30T14:23:30+00:00<\/span><div  class=\"fusion-image-wrapper\" aria-haspopup=\"true\">\n\t\t\t\t\t\t\t<a href=\"https:\/\/fabstructures.ca\/fr\/project\/richens\/\" aria-label=\"Richens\">\n\t\t\t\t\t\t\t<img decoding=\"async\" width=\"500\" height=\"500\" src=\"https:\/\/fabstructures.ca\/wp-content\/uploads\/2023\/02\/richens-thumbnail.jpg\" class=\"attachment-full size-full wp-post-image\" alt=\"Richens House Thubnail of Rendering\" srcset=\"https:\/\/fabstructures.ca\/wp-content\/uploads\/2023\/02\/richens-thumbnail-200x200.jpg 200w, https:\/\/fabstructures.ca\/wp-content\/uploads\/2023\/02\/richens-thumbnail-400x400.jpg 400w, https:\/\/fabstructures.ca\/wp-content\/uploads\/2023\/02\/richens-thumbnail.jpg 500w\" sizes=\"(min-width: 2200px) 100vw, (min-width: 784px) 497px, (min-width: 712px) 784px, (min-width: 640px) 712px, \" \/>\t\t\t<\/a>\n\t\t\t\t\t\t\t<\/div>\n<div class=\"fusion-portfolio-content\"><h2 class=\"entry-title fusion-post-title\"><a href=\"https:\/\/fabstructures.ca\/fr\/project\/richens\/\">Richens<\/a><\/h2><div class=\"fusion-portfolio-meta\"><a href=\"https:\/\/fabstructures.ca\/fr\/portfolio_category\/residential-fr\/\" rel=\"tag\">Residential<\/a><\/div><div class=\"fusion-post-content\"><p>Chelsea, QC<\/p><\/div><\/div><\/div><\/article><\/div><\/div><\/div><\/div><\/div><\/div><div class=\"fusion-fullwidth fullwidth-box fusion-builder-row-4 fusion-flex-container has-pattern-background has-mask-background nonhundred-percent-fullwidth non-hundred-percent-height-scrolling\" style=\"--awb-border-radius-top-left:0px;--awb-border-radius-top-right:0px;--awb-border-radius-bottom-right:0px;--awb-border-radius-bottom-left:0px;--awb-padding-top:6.3em;--awb-padding-bottom:6em;--awb-background-color:var(--awb-color5);--awb-flex-wrap:wrap;\" ><div class=\"fusion-builder-row fusion-row fusion-flex-align-items-flex-start fusion-flex-content-wrap\" style=\"max-width:1612px;margin-left: calc(-4% \/ 2 );margin-right: calc(-4% \/ 2 );\"><div class=\"fusion-layout-column fusion_builder_column fusion-builder-column-9 fusion_builder_column_1_1 1_1 fusion-flex-column\" style=\"--awb-bg-size:cover;--awb-width-large:100%;--awb-margin-top-large:0px;--awb-spacing-right-large:1.92%;--awb-margin-bottom-large:20px;--awb-spacing-left-large:1.92%;--awb-width-medium:100%;--awb-order-medium:0;--awb-spacing-right-medium:1.92%;--awb-spacing-left-medium:1.92%;--awb-width-small:100%;--awb-order-small:0;--awb-spacing-right-small:1.92%;--awb-spacing-left-small:1.92%;\"><div class=\"fusion-column-wrapper fusion-column-has-shadow fusion-flex-justify-content-flex-start fusion-content-layout-column\"><div class=\"fusion-title title fusion-title-5 fusion-sep-none fusion-title-center fusion-title-text fusion-title-size-two\"><h2 class=\"fusion-title-heading title-heading-center fusion-responsive-typography-calculated\" style=\"margin:0;--fontSize:48;line-height:var(--awb-typography1-line-height);\">Parlez-nous de <strong>votre vision.<\/strong><\/h2><\/div><div style=\"text-align:center;\"><a class=\"fusion-button button-flat fusion-button-default-size button-default fusion-button-default button-1 fusion-button-default-span fusion-button-default-type\" style=\"--button_margin-top:1em;\" target=\"_self\" title=\"To project contact page\" aria-label=\"To project contact page\" href=\"https:\/\/fabstructures.ca\/fr\/demarrer-un-projet\/\"><span class=\"fusion-button-text\">D\u00e9marrer un projet<\/span><\/a><\/div><\/div><\/div><\/div><\/div><\/p>\n","protected":false},"excerpt":{"rendered":"","protected":false},"author":2,"featured_media":0,"parent":0,"menu_order":0,"comment_status":"closed","ping_status":"closed","template":"100-width.php","meta":{"_acf_changed":false,"footnotes":""},"class_list":["post-41","page","type-page","status-publish","hentry"],"acf":[],"aioseo_notices":[],"_links":{"self":[{"href":"https:\/\/fabstructures.ca\/fr\/wp-json\/wp\/v2\/pages\/41","targetHints":{"allow":["GET"]}}],"collection":[{"href":"https:\/\/fabstructures.ca\/fr\/wp-json\/wp\/v2\/pages"}],"about":[{"href":"https:\/\/fabstructures.ca\/fr\/wp-json\/wp\/v2\/types\/page"}],"author":[{"embeddable":true,"href":"https:\/\/fabstructures.ca\/fr\/wp-json\/wp\/v2\/users\/2"}],"replies":[{"embeddable":true,"href":"https:\/\/fabstructures.ca\/fr\/wp-json\/wp\/v2\/comments?post=41"}],"version-history":[{"count":10,"href":"https:\/\/fabstructures.ca\/fr\/wp-json\/wp\/v2\/pages\/41\/revisions"}],"predecessor-version":[{"id":2688,"href":"https:\/\/fabstructures.ca\/fr\/wp-json\/wp\/v2\/pages\/41\/revisions\/2688"}],"wp:attachment":[{"href":"https:\/\/fabstructures.ca\/fr\/wp-json\/wp\/v2\/media?parent=41"}],"curies":[{"name":"wp","href":"https:\/\/api.w.org\/{rel}","templated":true}]}}